{"id":2809,"date":"2025-06-12T10:21:32","date_gmt":"2025-06-12T10:21:32","guid":{"rendered":"https:\/\/cvhelvetic.ch\/services\/"},"modified":"2025-07-16T14:01:36","modified_gmt":"2025-07-16T14:01:36","slug":"services","status":"publish","type":"page","link":"https:\/\/cvhelvetic.ch\/fr\/services\/","title":{"rendered":"Services"},"content":{"rendered":"\t\t<div data-elementor-type=\"wp-page\" data-elementor-id=\"2809\" class=\"elementor elementor-2809 elementor-11\" data-elementor-post-type=\"page\">\n\t\t\t\t\t\t<section class=\"elementor-section elementor-top-section elementor-element elementor-element-676f307 elementor-section-boxed elementor-section-height-default elementor-section-height-default\" data-id=\"676f307\" data-element_type=\"section\" data-e-type=\"section\" data-settings=\"{&quot;background_background&quot;:&quot;classic&quot;}\">\n\t\t\t\t\t\t\t<div class=\"elementor-background-overlay\"><\/div>\n\t\t\t\t\t\t\t<div class=\"elementor-container elementor-column-gap-no\">\n\t\t\t\t\t<div class=\"elementor-column elementor-col-100 elementor-top-column elementor-element elementor-element-cfd909f\" data-id=\"cfd909f\" data-element_type=\"column\" data-e-type=\"column\">\n\t\t\t<div class=\"elementor-widget-wrap elementor-element-populated\">\n\t\t\t\t\t\t<div class=\"elementor-element elementor-element-fd6730a elementor-widget elementor-widget-heading\" data-id=\"fd6730a\" data-element_type=\"widget\" data-e-type=\"widget\" data-widget_type=\"heading.default\">\n\t\t\t\t<div class=\"elementor-widget-container\">\n\t\t\t\t\t<h1 class=\"elementor-heading-title elementor-size-default\">Services<\/h1>\t\t\t\t<\/div>\n\t\t\t\t<\/div>\n\t\t\t\t\t<\/div>\n\t\t<\/div>\n\t\t\t\t\t<\/div>\n\t\t<\/section>\n\t\t\t\t<section class=\"elementor-section elementor-top-section elementor-element elementor-element-62fcd5c elementor-section-boxed elementor-section-height-default elementor-section-height-default\" data-id=\"62fcd5c\" data-element_type=\"section\" data-e-type=\"section\" data-settings=\"{&quot;background_background&quot;:&quot;classic&quot;}\">\n\t\t\t\t\t\t<div class=\"elementor-container elementor-column-gap-no\">\n\t\t\t\t\t<div class=\"elementor-column elementor-col-100 elementor-top-column elementor-element elementor-element-6096f1b\" data-id=\"6096f1b\" data-element_type=\"column\" data-e-type=\"column\">\n\t\t\t<div class=\"elementor-widget-wrap elementor-element-populated\">\n\t\t\t\t\t\t<section class=\"elementor-section elementor-inner-section elementor-element elementor-element-eff919d elementor-section-boxed elementor-section-height-default elementor-section-height-default\" data-id=\"eff919d\" data-element_type=\"section\" data-e-type=\"section\">\n\t\t\t\t\t\t<div class=\"elementor-container elementor-column-gap-no\">\n\t\t\t\t\t<div class=\"elementor-column elementor-col-100 elementor-inner-column elementor-element elementor-element-7b0bffe\" data-id=\"7b0bffe\" data-element_type=\"column\" data-e-type=\"column\">\n\t\t\t<div class=\"elementor-widget-wrap elementor-element-populated\">\n\t\t\t\t\t\t<div class=\"elementor-element elementor-element-d92199c elementor-grid-3 elementor-grid-tablet-2 elementor-grid-mobile-1 elementor-posts--thumbnail-top elementor-card-shadow-yes elementor-posts__hover-gradient elementor-widget elementor-widget-posts\" data-id=\"d92199c\" data-element_type=\"widget\" data-e-type=\"widget\" data-settings=\"{&quot;cards_columns&quot;:&quot;3&quot;,&quot;cards_columns_tablet&quot;:&quot;2&quot;,&quot;cards_columns_mobile&quot;:&quot;1&quot;,&quot;cards_row_gap&quot;:{&quot;unit&quot;:&quot;px&quot;,&quot;size&quot;:35,&quot;sizes&quot;:[]},&quot;cards_row_gap_tablet&quot;:{&quot;unit&quot;:&quot;px&quot;,&quot;size&quot;:&quot;&quot;,&quot;sizes&quot;:[]},&quot;cards_row_gap_mobile&quot;:{&quot;unit&quot;:&quot;px&quot;,&quot;size&quot;:&quot;&quot;,&quot;sizes&quot;:[]}}\" data-widget_type=\"posts.cards\">\n\t\t\t\t<div class=\"elementor-widget-container\">\n\t\t\t\t\t\t\t<div class=\"elementor-posts-container elementor-posts elementor-posts--skin-cards elementor-grid\" role=\"list\">\n\t\t\t\t<article class=\"elementor-post elementor-grid-item post-2811 post type-post status-publish format-standard hentry category-non-categorise\" role=\"listitem\">\n\t\t\t<div class=\"elementor-post__card\">\n\t\t\t\t<div class=\"elementor-post__text\">\n\t\t\t\t<h3 class=\"elementor-post__title\">\n\t\t\t<a href=\"https:\/\/cvhelvetic.ch\/fr\/stores-bannes\/\" >\n\t\t\t\tStores Bannes\t\t\t<\/a>\n\t\t<\/h3>\n\t\t\t\t<div class=\"elementor-post__excerpt\">\n\t\t\t<p>Protection et confort avec VC Serramenti VC Serramenti propose une large gamme de stores bannes de haute qualit\u00e9, con\u00e7us pour<\/p>\n\t\t<\/div>\n\t\t\n\t\t<a class=\"elementor-post__read-more\" href=\"https:\/\/cvhelvetic.ch\/fr\/stores-bannes\/\" aria-label=\"Read more about Stores Bannes\" tabindex=\"-1\" >\n\t\t\tLire la suite \u00bb\t\t<\/a>\n\n\t\t\t\t<\/div>\n\t\t\t\t\t<\/div>\n\t\t<\/article>\n\t\t\t\t<article class=\"elementor-post elementor-grid-item post-2813 post type-post status-publish format-standard hentry category-non-categorise\" role=\"listitem\">\n\t\t\t<div class=\"elementor-post__card\">\n\t\t\t\t<div class=\"elementor-post__text\">\n\t\t\t\t<h3 class=\"elementor-post__title\">\n\t\t\t<a href=\"https:\/\/cvhelvetic.ch\/fr\/portes\/\" >\n\t\t\t\tPortes\t\t\t<\/a>\n\t\t<\/h3>\n\t\t\t\t<div class=\"elementor-post__excerpt\">\n\t\t\t<p>S\u00e9curit\u00e9 et conception avec VC Serramenti VC Serramenti propose une large s\u00e9lection de portes int\u00e9rieures et ext\u00e9rieures, con\u00e7ues pour garantir<\/p>\n\t\t<\/div>\n\t\t\n\t\t<a class=\"elementor-post__read-more\" href=\"https:\/\/cvhelvetic.ch\/fr\/portes\/\" aria-label=\"Read more about Portes\" tabindex=\"-1\" >\n\t\t\tLire la suite \u00bb\t\t<\/a>\n\n\t\t\t\t<\/div>\n\t\t\t\t\t<\/div>\n\t\t<\/article>\n\t\t\t\t<article class=\"elementor-post elementor-grid-item post-2815 post type-post status-publish format-standard hentry category-non-categorise\" role=\"listitem\">\n\t\t\t<div class=\"elementor-post__card\">\n\t\t\t\t<div class=\"elementor-post__text\">\n\t\t\t\t<h3 class=\"elementor-post__title\">\n\t\t\t<a href=\"https:\/\/cvhelvetic.ch\/fr\/menuiseries-et-huisseries\/\" >\n\t\t\t\tMenuiseries et Huisseries\t\t\t<\/a>\n\t\t<\/h3>\n\t\t\t\t<div class=\"elementor-post__excerpt\">\n\t\t\t<p>Efficacit\u00e9, confort et style avec VC Serramenti VC Serramenti est sp\u00e9cialis\u00e9 dans la fourniture et l&rsquo;installation de fen\u00eatres et de<\/p>\n\t\t<\/div>\n\t\t\n\t\t<a class=\"elementor-post__read-more\" href=\"https:\/\/cvhelvetic.ch\/fr\/menuiseries-et-huisseries\/\" aria-label=\"Read more about Menuiseries et Huisseries\" tabindex=\"-1\" >\n\t\t\tLire la suite \u00bb\t\t<\/a>\n\n\t\t\t\t<\/div>\n\t\t\t\t\t<\/div>\n\t\t<\/article>\n\t\t\t\t<article class=\"elementor-post elementor-grid-item post-2817 post type-post status-publish format-standard hentry category-non-categorise\" role=\"listitem\">\n\t\t\t<div class=\"elementor-post__card\">\n\t\t\t\t<div class=\"elementor-post__text\">\n\t\t\t\t<h3 class=\"elementor-post__title\">\n\t\t\t<a href=\"https:\/\/cvhelvetic.ch\/fr\/automazioni\/\" >\n\t\t\t\tAutomazioni\t\t\t<\/a>\n\t\t<\/h3>\n\t\t\t\t<div class=\"elementor-post__excerpt\">\n\t\t\t<p>Technologie et confort avec VC Serramenti VC Serramenti propose des solutions avanc\u00e9es d&rsquo;automatisation domestique et industrielle, fournissant des syst\u00e8mes intelligents<\/p>\n\t\t<\/div>\n\t\t\n\t\t<a class=\"elementor-post__read-more\" href=\"https:\/\/cvhelvetic.ch\/fr\/automazioni\/\" aria-label=\"Read more about Automazioni\" tabindex=\"-1\" >\n\t\t\tLire la suite \u00bb\t\t<\/a>\n\n\t\t\t\t<\/div>\n\t\t\t\t\t<\/div>\n\t\t<\/article>\n\t\t\t\t<\/div>\n\t\t\n\t\t\t\t\t\t<\/div>\n\t\t\t\t<\/div>\n\t\t\t\t\t<\/div>\n\t\t<\/div>\n\t\t\t\t\t<\/div>\n\t\t<\/section>\n\t\t\t\t\t<\/div>\n\t\t<\/div>\n\t\t\t\t\t<\/div>\n\t\t<\/section>\n\t\t\t\t<\/div>\n\t\t","protected":false},"excerpt":{"rendered":"<p>Services<\/p>\n","protected":false},"author":1,"featured_media":0,"parent":0,"menu_order":0,"comment_status":"closed","ping_status":"closed","template":"","meta":{"site-sidebar-layout":"no-sidebar","site-content-layout":"page-builder","ast-site-content-layout":"full-width-container","site-content-style":"unboxed","site-sidebar-style":"unboxed","ast-global-header-display":"","ast-banner-title-visibility":"","ast-main-header-display":"","ast-hfb-above-header-display":"","ast-hfb-below-header-display":"","ast-hfb-mobile-header-display":"","site-post-title":"disabled","ast-breadcrumbs-content":"disabled","ast-featured-img":"disabled","footer-sml-layout":"","theme-transparent-header-meta":"enabled","adv-header-id-meta":"","stick-header-meta":"","header-above-stick-meta":"","header-main-stick-meta":"","header-below-stick-meta":"","astra-migrate-meta-layouts":"default","ast-page-background-enabled":"default","ast-page-background-meta":{"desktop":{"background-color":"var(--ast-global-color-4)","background-image":"","background-repeat":"repeat","background-position":"center center","background-size":"auto","background-attachment":"scroll","background-type":"","background-media":"","overlay-type":"","overlay-color":"","overlay-opacity":"","overlay-gradient":""},"tablet":{"background-color":"","background-image":"","background-repeat":"repeat","background-position":"center center","background-size":"auto","background-attachment":"scroll","background-type":"","background-media":"","overlay-type":"","overlay-color":"","overlay-opacity":"","overlay-gradient":""},"mobile":{"background-color":"","background-image":"","background-repeat":"repeat","background-position":"center center","background-size":"auto","background-attachment":"scroll","background-type":"","background-media":"","overlay-type":"","overlay-color":"","overlay-opacity":"","overlay-gradient":""}},"ast-content-background-meta":{"desktop":{"background-color":"var(--ast-global-color-5)","background-image":"","background-repeat":"repeat","background-position":"center center","background-size":"auto","background-attachment":"scroll","background-type":"","background-media":"","overlay-type":"","overlay-color":"","overlay-opacity":"","overlay-gradient":""},"tablet":{"background-color":"var(--ast-global-color-5)","background-image":"","background-repeat":"repeat","background-position":"center center","background-size":"auto","background-attachment":"scroll","background-type":"","background-media":"","overlay-type":"","overlay-color":"","overlay-opacity":"","overlay-gradient":""},"mobile":{"background-color":"var(--ast-global-color-5)","background-image":"","background-repeat":"repeat","background-position":"center center","background-size":"auto","background-attachment":"scroll","background-type":"","background-media":"","overlay-type":"","overlay-color":"","overlay-opacity":"","overlay-gradient":""}},"_joinchat":[],"footnotes":""},"class_list":["post-2809","page","type-page","status-publish","hentry"],"yoast_head":"<!-- This site is optimized with the Yoast SEO plugin v27.3 - https:\/\/yoast.com\/product\/yoast-seo-wordpress\/ -->\n<title>Services - VC Serramenti<\/title>\n<meta name=\"description\" content=\"Sp\u00e9cialis\u00e9e dans l\u2019installation et l\u2019entretien de stores bannes, VC Serramenti propose des produits r\u00e9sistants, fonctionnels et esth\u00e9tiquement...\" \/>\n<meta name=\"robots\" content=\"index, follow, max-snippet:-1, max-image-preview:large, max-video-preview:-1\" \/>\n<link rel=\"canonical\" href=\"https:\/\/cvhelvetic.ch\/fr\/services\/\" \/>\n<meta property=\"og:locale\" content=\"fr_FR\" \/>\n<meta property=\"og:type\" content=\"article\" \/>\n<meta property=\"og:title\" content=\"Services - VC Serramenti\" \/>\n<meta property=\"og:description\" content=\"Sp\u00e9cialis\u00e9e dans l\u2019installation et l\u2019entretien de stores bannes, VC Serramenti propose des produits r\u00e9sistants, fonctionnels et esth\u00e9tiquement...\" \/>\n<meta property=\"og:url\" content=\"https:\/\/cvhelvetic.ch\/fr\/services\/\" \/>\n<meta property=\"og:site_name\" content=\"VC Serramenti\" \/>\n<meta property=\"article:modified_time\" content=\"2025-07-16T14:01:36+00:00\" \/>\n<meta property=\"og:image\" content=\"https:\/\/cvhelvetic.ch\/wp-content\/uploads\/2025\/07\/cropped-image-5-1.png\" \/>\n\t<meta property=\"og:image:width\" content=\"512\" \/>\n\t<meta property=\"og:image:height\" content=\"512\" \/>\n\t<meta property=\"og:image:type\" content=\"image\/png\" \/>\n<meta name=\"twitter:card\" content=\"summary_large_image\" \/>\n<script type=\"application\/ld+json\" class=\"yoast-schema-graph\">{\"@context\":\"https:\\\/\\\/schema.org\",\"@graph\":[{\"@type\":\"WebPage\",\"@id\":\"https:\\\/\\\/cvhelvetic.ch\\\/fr\\\/services\\\/\",\"url\":\"https:\\\/\\\/cvhelvetic.ch\\\/fr\\\/services\\\/\",\"name\":\"Services - VC Serramenti\",\"isPartOf\":{\"@id\":\"https:\\\/\\\/cvhelvetic.ch\\\/fr\\\/#website\"},\"datePublished\":\"2025-06-12T10:21:32+00:00\",\"dateModified\":\"2025-07-16T14:01:36+00:00\",\"description\":\"Sp\u00e9cialis\u00e9e dans l\u2019installation et l\u2019entretien de stores bannes, VC Serramenti propose des produits r\u00e9sistants, fonctionnels et esth\u00e9tiquement...\",\"breadcrumb\":{\"@id\":\"https:\\\/\\\/cvhelvetic.ch\\\/fr\\\/services\\\/#breadcrumb\"},\"inLanguage\":\"fr-FR\",\"potentialAction\":[{\"@type\":\"ReadAction\",\"target\":[\"https:\\\/\\\/cvhelvetic.ch\\\/fr\\\/services\\\/\"]}]},{\"@type\":\"BreadcrumbList\",\"@id\":\"https:\\\/\\\/cvhelvetic.ch\\\/fr\\\/services\\\/#breadcrumb\",\"itemListElement\":[{\"@type\":\"ListItem\",\"position\":1,\"name\":\"Home\",\"item\":\"https:\\\/\\\/cvhelvetic.ch\\\/fr\\\/\"},{\"@type\":\"ListItem\",\"position\":2,\"name\":\"Services\"}]},{\"@type\":\"WebSite\",\"@id\":\"https:\\\/\\\/cvhelvetic.ch\\\/fr\\\/#website\",\"url\":\"https:\\\/\\\/cvhelvetic.ch\\\/fr\\\/\",\"name\":\"VC Serramenti\",\"description\":\"Serramenti ed Infissi in Svizzera\",\"publisher\":{\"@id\":\"https:\\\/\\\/cvhelvetic.ch\\\/fr\\\/#organization\"},\"alternateName\":\"VC Serramenti\",\"potentialAction\":[{\"@type\":\"SearchAction\",\"target\":{\"@type\":\"EntryPoint\",\"urlTemplate\":\"https:\\\/\\\/cvhelvetic.ch\\\/fr\\\/?s={search_term_string}\"},\"query-input\":{\"@type\":\"PropertyValueSpecification\",\"valueRequired\":true,\"valueName\":\"search_term_string\"}}],\"inLanguage\":\"fr-FR\"},{\"@type\":\"Organization\",\"@id\":\"https:\\\/\\\/cvhelvetic.ch\\\/fr\\\/#organization\",\"name\":\"VC Serramenti\",\"alternateName\":\"VC Serramenti\",\"url\":\"https:\\\/\\\/cvhelvetic.ch\\\/fr\\\/\",\"logo\":{\"@type\":\"ImageObject\",\"inLanguage\":\"fr-FR\",\"@id\":\"https:\\\/\\\/cvhelvetic.ch\\\/fr\\\/#\\\/schema\\\/logo\\\/image\\\/\",\"url\":\"https:\\\/\\\/cvhelvetic.ch\\\/wp-content\\\/uploads\\\/2025\\\/07\\\/cropped-image-5-1.png\",\"contentUrl\":\"https:\\\/\\\/cvhelvetic.ch\\\/wp-content\\\/uploads\\\/2025\\\/07\\\/cropped-image-5-1.png\",\"width\":512,\"height\":512,\"caption\":\"VC Serramenti\"},\"image\":{\"@id\":\"https:\\\/\\\/cvhelvetic.ch\\\/fr\\\/#\\\/schema\\\/logo\\\/image\\\/\"}}]}<\/script>\n<!-- \/ Yoast SEO plugin. -->","yoast_head_json":{"title":"Services - VC Serramenti","description":"Sp\u00e9cialis\u00e9e dans l\u2019installation et l\u2019entretien de stores bannes, VC Serramenti propose des produits r\u00e9sistants, fonctionnels et esth\u00e9tiquement...","robots":{"index":"index","follow":"follow","max-snippet":"max-snippet:-1","max-image-preview":"max-image-preview:large","max-video-preview":"max-video-preview:-1"},"canonical":"https:\/\/cvhelvetic.ch\/fr\/services\/","og_locale":"fr_FR","og_type":"article","og_title":"Services - VC Serramenti","og_description":"Sp\u00e9cialis\u00e9e dans l\u2019installation et l\u2019entretien de stores bannes, VC Serramenti propose des produits r\u00e9sistants, fonctionnels et esth\u00e9tiquement...","og_url":"https:\/\/cvhelvetic.ch\/fr\/services\/","og_site_name":"VC Serramenti","article_modified_time":"2025-07-16T14:01:36+00:00","og_image":[{"width":512,"height":512,"url":"https:\/\/cvhelvetic.ch\/wp-content\/uploads\/2025\/07\/cropped-image-5-1.png","type":"image\/png"}],"twitter_card":"summary_large_image","schema":{"@context":"https:\/\/schema.org","@graph":[{"@type":"WebPage","@id":"https:\/\/cvhelvetic.ch\/fr\/services\/","url":"https:\/\/cvhelvetic.ch\/fr\/services\/","name":"Services - VC Serramenti","isPartOf":{"@id":"https:\/\/cvhelvetic.ch\/fr\/#website"},"datePublished":"2025-06-12T10:21:32+00:00","dateModified":"2025-07-16T14:01:36+00:00","description":"Sp\u00e9cialis\u00e9e dans l\u2019installation et l\u2019entretien de stores bannes, VC Serramenti propose des produits r\u00e9sistants, fonctionnels et esth\u00e9tiquement...","breadcrumb":{"@id":"https:\/\/cvhelvetic.ch\/fr\/services\/#breadcrumb"},"inLanguage":"fr-FR","potentialAction":[{"@type":"ReadAction","target":["https:\/\/cvhelvetic.ch\/fr\/services\/"]}]},{"@type":"BreadcrumbList","@id":"https:\/\/cvhelvetic.ch\/fr\/services\/#breadcrumb","itemListElement":[{"@type":"ListItem","position":1,"name":"Home","item":"https:\/\/cvhelvetic.ch\/fr\/"},{"@type":"ListItem","position":2,"name":"Services"}]},{"@type":"WebSite","@id":"https:\/\/cvhelvetic.ch\/fr\/#website","url":"https:\/\/cvhelvetic.ch\/fr\/","name":"VC Serramenti","description":"Serramenti ed Infissi in Svizzera","publisher":{"@id":"https:\/\/cvhelvetic.ch\/fr\/#organization"},"alternateName":"VC Serramenti","potentialAction":[{"@type":"SearchAction","target":{"@type":"EntryPoint","urlTemplate":"https:\/\/cvhelvetic.ch\/fr\/?s={search_term_string}"},"query-input":{"@type":"PropertyValueSpecification","valueRequired":true,"valueName":"search_term_string"}}],"inLanguage":"fr-FR"},{"@type":"Organization","@id":"https:\/\/cvhelvetic.ch\/fr\/#organization","name":"VC Serramenti","alternateName":"VC Serramenti","url":"https:\/\/cvhelvetic.ch\/fr\/","logo":{"@type":"ImageObject","inLanguage":"fr-FR","@id":"https:\/\/cvhelvetic.ch\/fr\/#\/schema\/logo\/image\/","url":"https:\/\/cvhelvetic.ch\/wp-content\/uploads\/2025\/07\/cropped-image-5-1.png","contentUrl":"https:\/\/cvhelvetic.ch\/wp-content\/uploads\/2025\/07\/cropped-image-5-1.png","width":512,"height":512,"caption":"VC Serramenti"},"image":{"@id":"https:\/\/cvhelvetic.ch\/fr\/#\/schema\/logo\/image\/"}}]}},"_links":{"self":[{"href":"https:\/\/cvhelvetic.ch\/fr\/wp-json\/wp\/v2\/pages\/2809","targetHints":{"allow":["GET"]}}],"collection":[{"href":"https:\/\/cvhelvetic.ch\/fr\/wp-json\/wp\/v2\/pages"}],"about":[{"href":"https:\/\/cvhelvetic.ch\/fr\/wp-json\/wp\/v2\/types\/page"}],"author":[{"embeddable":true,"href":"https:\/\/cvhelvetic.ch\/fr\/wp-json\/wp\/v2\/users\/1"}],"replies":[{"embeddable":true,"href":"https:\/\/cvhelvetic.ch\/fr\/wp-json\/wp\/v2\/comments?post=2809"}],"version-history":[{"count":0,"href":"https:\/\/cvhelvetic.ch\/fr\/wp-json\/wp\/v2\/pages\/2809\/revisions"}],"wp:attachment":[{"href":"https:\/\/cvhelvetic.ch\/fr\/wp-json\/wp\/v2\/media?parent=2809"}],"curies":[{"name":"wp","href":"https:\/\/api.w.org\/{rel}","templated":true}]}}